{"id":286,"date":"2019-05-10T21:56:20","date_gmt":"2019-05-10T14:56:20","guid":{"rendered":"https:\/\/www.cfc.org.vn\/lien-he\/"},"modified":"2024-03-29T11:34:08","modified_gmt":"2024-03-29T04:34:08","slug":"lien-he","status":"publish","type":"page","link":"https:\/\/cfcvietnam.org\/?page_id=286","title":{"rendered":"Li\u00ean h\u1ec7"},"content":{"rendered":"<div class=\"wpb-content-wrapper\"><div id=\"tdi_1\" class=\"tdc-row\"><div class=\"vc_row tdi_2  wpb_row td-pb-row\" >\n<style scoped>\n\/* custom css - generated by TagDiv Composer *\/\n\n\/* custom css - generated by TagDiv Composer *\/\n.tdi_2,\r\n                .tdi_2 .tdc-columns{\r\n                    min-height: 0;\r\n                }.tdi_2,\r\n\t\t\t\t.tdi_2 .tdc-columns{\r\n\t\t\t\t    display: block;\r\n\t\t\t\t}.tdi_2 .tdc-columns{\r\n\t\t\t\t    width: 100%;\r\n\t\t\t\t}.tdi_2:before,\r\n\t\t\t\t.tdi_2:after{\r\n\t\t\t\t    display: table;\r\n\t\t\t\t}\n<\/style><div class=\"vc_column tdi_4  wpb_column vc_column_container tdc-column td-pb-span8\">\n<style scoped>\n\/* custom css - generated by TagDiv Composer *\/\n\n\/* custom css - generated by TagDiv Composer *\/\n.tdi_4{\r\n                    vertical-align: baseline;\r\n                }.tdi_4 > .wpb_wrapper,\r\n\t\t\t\t.tdi_4 > .wpb_wrapper > .tdc-elements{\r\n\t\t\t\t    display: block;\r\n\t\t\t\t}.tdi_4 > .wpb_wrapper > .tdc-elements{\r\n\t\t\t\t    width: 100%;\r\n\t\t\t\t}.tdi_4 > .wpb_wrapper > .vc_row_inner{\r\n\t\t\t\t    width: auto;\r\n\t\t\t\t}.tdi_4 > .wpb_wrapper{\r\n\t\t\t\t    width: auto;\r\n\t\t\t\t    height: auto;\r\n\t\t\t\t}\n<\/style><div class=\"wpb_wrapper\" ><div class=\"vc_row_inner tdi_6  vc_row vc_inner wpb_row td-pb-row\" >\n<style scoped>\n\/* custom css - generated by TagDiv Composer *\/\n\n\/* custom css - generated by TagDiv Composer *\/\n.tdi_6{\r\n                    position: relative !important;\r\n                    top: 0;\r\n                    transform: none;\r\n                    -webkit-transform: none;\r\n                }.tdi_6,\r\n\t\t\t\t.tdi_6 .tdc-inner-columns{\r\n\t\t\t\t    display: block;\r\n\t\t\t\t}.tdi_6 .tdc-inner-columns{\r\n\t\t\t\t    width: 100%;\r\n\t\t\t\t}\n<\/style><div class=\"vc_column_inner tdi_8  wpb_column vc_column_container tdc-inner-column td-pb-span6\">\n<style scoped>\n\/* custom css - generated by TagDiv Composer *\/\n\n\/* custom css - generated by TagDiv Composer *\/\n.tdi_8{\r\n                    vertical-align: baseline;\r\n                }.tdi_8 .vc_column-inner > .wpb_wrapper,\r\n\t\t\t\t.tdi_8 .vc_column-inner > .wpb_wrapper .tdc-elements{\r\n\t\t\t\t    display: block;\r\n\t\t\t\t}.tdi_8 .vc_column-inner > .wpb_wrapper .tdc-elements{\r\n\t\t\t\t    width: 100%;\r\n\t\t\t\t}\n<\/style><div class=\"vc_column-inner\"><div class=\"wpb_wrapper\" ><div class=\"td_block_wrap td_block_text_with_title tdi_9 tagdiv-type td-pb-border-top td_block_template_1\"  data-td-block-uid=\"tdi_9\" >\n<style>\n\/* custom css - generated by TagDiv Composer *\/\n.td_block_text_with_title{\r\n                  margin-bottom: 44px;\r\n                  -webkit-transform: translateZ(0);\r\n                  transform: translateZ(0);\r\n                }.td_block_text_with_title p:last-child{\r\n                  margin-bottom: 0;\r\n                }\n<\/style><div class=\"td-block-title-wrap\"><h4 class=\"block-title td-block-title\"><span class=\"td-pulldown-size\">Th\u00f4ng tin li\u00ean h\u1ec7<\/span><\/h4><\/div><div class=\"td_mod_wrap td-fix-index\"><p><b>TRUNG T\u00c2M S\u1ee8C KH\u1eceE GIA \u0110\u00ccNH V\u00c0 PH\u00c1T TRI\u1ec2N C\u1ed8NG \u0110\u1ed2NG C.F.C<\/b><br \/>\n<strong>\u0110\u1ecba ch\u1ec9:<\/strong> T\u00f2a nh\u00e0 791, S\u1ed1 27 Ng\u00f5 59 L\u00e1ng H\u1ea1, Ba \u0110\u00ecnh, H\u00e0 N\u1ed9i<br \/>\n<strong>Email:<\/strong> info@[getHostname]<br \/>\n<strong>Tel:<\/strong> (+84)24 35537796<br \/>\n<strong>Fax:<\/strong> (+84)24 35537797<br \/>\n<strong>Website:<\/strong> www.[getHostname]<br \/>\n<strong>HOTLINE:<\/strong> 0936.167.898<br \/>\n<strong>HOTLINE CSKH &#8211; BIA:<\/strong> 0339.642.370<\/p>\n<\/div><\/div><\/div><\/div><\/div><div class=\"vc_column_inner tdi_11  wpb_column vc_column_container tdc-inner-column td-pb-span6\">\n<style scoped>\n\/* custom css - generated by TagDiv Composer *\/\n\n\/* custom css - generated by TagDiv Composer *\/\n.tdi_11{\r\n                    vertical-align: baseline;\r\n                }.tdi_11 .vc_column-inner > .wpb_wrapper,\r\n\t\t\t\t.tdi_11 .vc_column-inner > .wpb_wrapper .tdc-elements{\r\n\t\t\t\t    display: block;\r\n\t\t\t\t}.tdi_11 .vc_column-inner > .wpb_wrapper .tdc-elements{\r\n\t\t\t\t    width: 100%;\r\n\t\t\t\t}\n<\/style><div class=\"vc_column-inner\"><div class=\"wpb_wrapper\" ><div class=\"td_block_wrap td_block_text_with_title tdi_12 tagdiv-type td-pb-border-top td_block_template_1\"  data-td-block-uid=\"tdi_12\" ><div class=\"td-block-title-wrap\"><h4 class=\"block-title td-block-title\"><span class=\"td-pulldown-size\">V\u1ec1 ch\u00fang t\u00f4i<\/span><\/h4><\/div><div class=\"td_mod_wrap td-fix-index\"><p><strong>Trung t\u00e2m S\u1ee9c kh\u1ecfe gia \u0111\u00ecnh v\u00e0 Ph\u00e1t tri\u1ec3n c\u1ed9ng \u0111\u1ed3ng<\/strong>, g\u1ecdi t\u1eaft l\u00e0 CFC, l\u00e0 m\u1ed9t t\u1ed5 ch\u1ee9c x\u00e3 h\u1ed9i d\u00e2n s\u1ef1 Vi\u1ec7t Nam \u0111\u01b0\u1ee3c th\u00e0nh l\u1eadp b\u1edfi nh\u1eefng ng\u01b0\u1eddi ch\u1ecb l\u1edbn, t\u00e2m huy\u1ebft v\u1edbi gi\u00e1o d\u1ee5c v\u00e0 b\u1ea3o v\u1ec7 tr\u1ebb em, \u0111\u1ea5u tranh cho quy\u1ec1n l\u1ee3i c\u1ee7a ph\u1ee5 n\u1eef. CFC, ti\u1ec1n th\u00e2n l\u00e0 CEFACOM, ho\u1ea1t \u0111\u1ed9ng v\u1edbi m\u1ee5c ti\u00eau th\u00fac \u0111\u1ea9y quy\u1ec1n tr\u1ebb em, ph\u1ed5 c\u1eadp gi\u00e1o d\u1ee5c v\u00e0 trao quy\u1ec1n cho ph\u1ee5 n\u1eef. K\u1ebf th\u1eeba nh\u1eefng th\u00e0nh t\u1ef1u c\u1ee7a CEFACOM, CFC ti\u1ebfp t\u1ee5c th\u1ef1c hi\u1ec7n s\u1ee9 m\u1ec7nh t\u1ea1o nh\u1eefng n\u1ec1n t\u1ea3ng t\u00edch c\u1ef1c v\u00e0 m\u00f4i tr\u01b0\u1eddng an to\u00e0n cho s\u1ef1 ph\u00e1t tri\u1ec3n to\u00e0n di\u1ec7n c\u1ee7a tr\u1ebb em.<\/p>\n<\/div><\/div><\/div><\/div><\/div><\/div><div class=\"vc_row_inner tdi_14  vc_row vc_inner wpb_row td-pb-row\" >\n<style scoped>\n\/* custom css - generated by TagDiv Composer *\/\n\n\/* custom css - generated by TagDiv Composer *\/\n.tdi_14{\r\n                    position: relative !important;\r\n                    top: 0;\r\n                    transform: none;\r\n                    -webkit-transform: none;\r\n                }.tdi_14,\r\n\t\t\t\t.tdi_14 .tdc-inner-columns{\r\n\t\t\t\t    display: block;\r\n\t\t\t\t}.tdi_14 .tdc-inner-columns{\r\n\t\t\t\t    width: 100%;\r\n\t\t\t\t}\n<\/style><div class=\"vc_column_inner tdi_16  wpb_column vc_column_container tdc-inner-column td-pb-span12\">\n<style scoped>\n\/* custom css - generated by TagDiv Composer *\/\n\n\/* custom css - generated by TagDiv Composer *\/\n.tdi_16{\r\n                    vertical-align: baseline;\r\n                }.tdi_16 .vc_column-inner > .wpb_wrapper,\r\n\t\t\t\t.tdi_16 .vc_column-inner > .wpb_wrapper .tdc-elements{\r\n\t\t\t\t    display: block;\r\n\t\t\t\t}.tdi_16 .vc_column-inner > .wpb_wrapper .tdc-elements{\r\n\t\t\t\t    width: 100%;\r\n\t\t\t\t}\n<\/style><div class=\"vc_column-inner\"><div class=\"wpb_wrapper\" ><div class=\"wpb_wrapper td_block_wrap vc_raw_html tdi_18 \"><div class=\"td-fix-index\"><h4 class=\"block-title\"><span>G\u1eedi th\u00f4ng \u0111i\u1ec7p!<\/span><\/h4><\/div><\/div><\/div><\/div><\/div><\/div><div class=\"vc_row_inner tdi_20  vc_row vc_inner wpb_row td-pb-row\" >\n<style scoped>\n\/* custom css - generated by TagDiv Composer *\/\n\n\/* custom css - generated by TagDiv Composer *\/\n.tdi_20{\r\n                    position: relative !important;\r\n                    top: 0;\r\n                    transform: none;\r\n                    -webkit-transform: none;\r\n                }.tdi_20,\r\n\t\t\t\t.tdi_20 .tdc-inner-columns{\r\n\t\t\t\t    display: block;\r\n\t\t\t\t}.tdi_20 .tdc-inner-columns{\r\n\t\t\t\t    width: 100%;\r\n\t\t\t\t}\n<\/style><div class=\"vc_column_inner tdi_22  wpb_column vc_column_container tdc-inner-column td-pb-span12\">\n<style scoped>\n\/* custom css - generated by TagDiv Composer *\/\n\n\/* custom css - generated by TagDiv Composer *\/\n.tdi_22{\r\n                    vertical-align: baseline;\r\n                }.tdi_22 .vc_column-inner > .wpb_wrapper,\r\n\t\t\t\t.tdi_22 .vc_column-inner > .wpb_wrapper .tdc-elements{\r\n\t\t\t\t    display: block;\r\n\t\t\t\t}.tdi_22 .vc_column-inner > .wpb_wrapper .tdc-elements{\r\n\t\t\t\t    width: 100%;\r\n\t\t\t\t}\n<\/style><div class=\"vc_column-inner\"><div class=\"wpb_wrapper\" >\n<div class=\"wpcf7 no-js\" id=\"wpcf7-f301-o1\" lang=\"vi-VN\" dir=\"ltr\" data-wpcf7-id=\"301\">\n<div class=\"screen-reader-response\"><p role=\"status\" aria-live=\"polite\" aria-atomic=\"true\"><\/p> <ul><\/ul><\/div>\n<form action=\"\/index.php?rest_route=%2Fwp%2Fv2%2Fpages%2F286#wpcf7-f301-o1\" method=\"post\" class=\"wpcf7-form init\" aria-label=\"Contact form\" novalidate=\"novalidate\" data-status=\"init\">\n<fieldset class=\"hidden-fields-container\"><input type=\"hidden\" name=\"_wpcf7\" value=\"301\" \/><input type=\"hidden\" name=\"_wpcf7_version\" value=\"6.1.1\" \/><input type=\"hidden\" name=\"_wpcf7_locale\" value=\"vi_VN\" \/><input type=\"hidden\" name=\"_wpcf7_unit_tag\" value=\"wpcf7-f301-o1\" \/><input type=\"hidden\" name=\"_wpcf7_container_post\" value=\"0\" \/><input type=\"hidden\" name=\"_wpcf7_posted_data_hash\" value=\"\" \/><input type=\"hidden\" name=\"_wpcf7_recaptcha_response\" value=\"\" \/>\n<\/fieldset>\n<p><label> T\u00ean c\u1ee7a b\u1ea1n (b\u1eaft bu\u1ed9c)<br \/>\n<span class=\"wpcf7-form-control-wrap\" data-name=\"your-name\"><input size=\"40\" maxlength=\"400\" class=\"wpcf7-form-control wpcf7-text wpcf7-validates-as-required\" aria-required=\"true\" aria-invalid=\"false\" value=\"\" type=\"text\" name=\"your-name\" \/><\/span> <\/label>\n<\/p>\n<p><label> Email c\u1ee7a b\u1ea1n (y\u00eau c\u1ea7u)<br \/>\n<span class=\"wpcf7-form-control-wrap\" data-name=\"your-email\"><input size=\"40\" maxlength=\"400\" class=\"wpcf7-form-control wpcf7-email wpcf7-validates-as-required wpcf7-text wpcf7-validates-as-email\" aria-required=\"true\" aria-invalid=\"false\" value=\"\" type=\"email\" name=\"your-email\" \/><\/span> <\/label>\n<\/p>\n<p><label> Ch\u1ee7 \u0111\u1ec1<br \/>\n<span class=\"wpcf7-form-control-wrap\" data-name=\"your-subject\"><input size=\"40\" maxlength=\"400\" class=\"wpcf7-form-control wpcf7-text\" aria-invalid=\"false\" value=\"\" type=\"text\" name=\"your-subject\" \/><\/span> <\/label>\n<\/p>\n<p><label> Tin nh\u1eafn c\u1ee7a b\u1ea1n<br \/>\n<span class=\"wpcf7-form-control-wrap\" data-name=\"your-message\"><textarea cols=\"40\" rows=\"10\" maxlength=\"2000\" class=\"wpcf7-form-control wpcf7-textarea\" aria-invalid=\"false\" name=\"your-message\"><\/textarea><\/span> <\/label>\n<\/p>\n<p><label> M\u00e3 x\u00e1c minh<br \/>\n[anr_nocaptcha g-recaptcha-response] <\/label>\n<\/p>\n<p><input class=\"wpcf7-form-control wpcf7-submit has-spinner\" type=\"submit\" value=\"G\u1eedi\" \/>\n<\/p><div class=\"wpcf7-response-output\" aria-hidden=\"true\"><\/div>\n<\/form>\n<\/div>\n<\/div><\/div><\/div><\/div><\/div><\/div><div class=\"vc_column tdi_24  wpb_column vc_column_container tdc-column td-pb-span4\">\n<style scoped>\n\/* custom css - generated by TagDiv Composer *\/\n\n\/* custom css - generated by TagDiv Composer *\/\n.tdi_24{\r\n                    vertical-align: baseline;\r\n                }.tdi_24 > .wpb_wrapper,\r\n\t\t\t\t.tdi_24 > .wpb_wrapper > .tdc-elements{\r\n\t\t\t\t    display: block;\r\n\t\t\t\t}.tdi_24 > .wpb_wrapper > .tdc-elements{\r\n\t\t\t\t    width: 100%;\r\n\t\t\t\t}.tdi_24 > .wpb_wrapper > .vc_row_inner{\r\n\t\t\t\t    width: auto;\r\n\t\t\t\t}.tdi_24 > .wpb_wrapper{\r\n\t\t\t\t    width: auto;\r\n\t\t\t\t    height: auto;\r\n\t\t\t\t}\n<\/style><div class=\"wpb_wrapper\" ><div class=\"td_block_wrap td_block_2 tdi_25 td-pb-border-top td_block_template_1 td-column-1 td_block_padding\"  data-td-block-uid=\"tdi_25\" ><script>var block_tdi_25 = new tdBlock();\nblock_tdi_25.id = \"tdi_25\";\nblock_tdi_25.atts = '{\"custom_title\":\"B\\u00c0I VI\\u1ebeT M\\u1edaI NH\\u1ea4T\",\"limit\":\"3\",\"block_type\":\"td_block_2\",\"separator\":\"\",\"custom_url\":\"\",\"block_template_id\":\"\",\"m2_tl\":\"\",\"m2_el\":\"\",\"m6_tl\":\"\",\"post_ids\":\"\",\"category_id\":\"\",\"taxonomies\":\"\",\"category_ids\":\"\",\"in_all_terms\":\"\",\"tag_slug\":\"\",\"autors_id\":\"\",\"installed_post_types\":\"\",\"include_cf_posts\":\"\",\"exclude_cf_posts\":\"\",\"sort\":\"\",\"popular_by_date\":\"\",\"linked_posts\":\"\",\"favourite_only\":\"\",\"offset\":\"\",\"open_in_new_window\":\"\",\"show_modified_date\":\"\",\"time_ago\":\"\",\"time_ago_add_txt\":\"ago\",\"time_ago_txt_pos\":\"\",\"review_source\":\"\",\"el_class\":\"\",\"td_ajax_filter_type\":\"\",\"td_ajax_filter_ids\":\"\",\"td_filter_default_txt\":\"All\",\"td_ajax_preloading\":\"\",\"f_header_font_header\":\"\",\"f_header_font_title\":\"Block header\",\"f_header_font_settings\":\"\",\"f_header_font_family\":\"\",\"f_header_font_size\":\"\",\"f_header_font_line_height\":\"\",\"f_header_font_style\":\"\",\"f_header_font_weight\":\"\",\"f_header_font_transform\":\"\",\"f_header_font_spacing\":\"\",\"f_header_\":\"\",\"f_ajax_font_title\":\"Ajax categories\",\"f_ajax_font_settings\":\"\",\"f_ajax_font_family\":\"\",\"f_ajax_font_size\":\"\",\"f_ajax_font_line_height\":\"\",\"f_ajax_font_style\":\"\",\"f_ajax_font_weight\":\"\",\"f_ajax_font_transform\":\"\",\"f_ajax_font_spacing\":\"\",\"f_ajax_\":\"\",\"f_more_font_title\":\"Load more button\",\"f_more_font_settings\":\"\",\"f_more_font_family\":\"\",\"f_more_font_size\":\"\",\"f_more_font_line_height\":\"\",\"f_more_font_style\":\"\",\"f_more_font_weight\":\"\",\"f_more_font_transform\":\"\",\"f_more_font_spacing\":\"\",\"f_more_\":\"\",\"m2f_title_font_header\":\"\",\"m2f_title_font_title\":\"Article title\",\"m2f_title_font_settings\":\"\",\"m2f_title_font_family\":\"\",\"m2f_title_font_size\":\"\",\"m2f_title_font_line_height\":\"\",\"m2f_title_font_style\":\"\",\"m2f_title_font_weight\":\"\",\"m2f_title_font_transform\":\"\",\"m2f_title_font_spacing\":\"\",\"m2f_title_\":\"\",\"m2f_cat_font_title\":\"Article category tag\",\"m2f_cat_font_settings\":\"\",\"m2f_cat_font_family\":\"\",\"m2f_cat_font_size\":\"\",\"m2f_cat_font_line_height\":\"\",\"m2f_cat_font_style\":\"\",\"m2f_cat_font_weight\":\"\",\"m2f_cat_font_transform\":\"\",\"m2f_cat_font_spacing\":\"\",\"m2f_cat_\":\"\",\"m2f_meta_font_title\":\"Article meta info\",\"m2f_meta_font_settings\":\"\",\"m2f_meta_font_family\":\"\",\"m2f_meta_font_size\":\"\",\"m2f_meta_font_line_height\":\"\",\"m2f_meta_font_style\":\"\",\"m2f_meta_font_weight\":\"\",\"m2f_meta_font_transform\":\"\",\"m2f_meta_font_spacing\":\"\",\"m2f_meta_\":\"\",\"m2f_ex_font_title\":\"Article excerpt\",\"m2f_ex_font_settings\":\"\",\"m2f_ex_font_family\":\"\",\"m2f_ex_font_size\":\"\",\"m2f_ex_font_line_height\":\"\",\"m2f_ex_font_style\":\"\",\"m2f_ex_font_weight\":\"\",\"m2f_ex_font_transform\":\"\",\"m2f_ex_font_spacing\":\"\",\"m2f_ex_\":\"\",\"m6f_title_font_header\":\"\",\"m6f_title_font_title\":\"Article title\",\"m6f_title_font_settings\":\"\",\"m6f_title_font_family\":\"\",\"m6f_title_font_size\":\"\",\"m6f_title_font_line_height\":\"\",\"m6f_title_font_style\":\"\",\"m6f_title_font_weight\":\"\",\"m6f_title_font_transform\":\"\",\"m6f_title_font_spacing\":\"\",\"m6f_title_\":\"\",\"m6f_cat_font_title\":\"Article category tag\",\"m6f_cat_font_settings\":\"\",\"m6f_cat_font_family\":\"\",\"m6f_cat_font_size\":\"\",\"m6f_cat_font_line_height\":\"\",\"m6f_cat_font_style\":\"\",\"m6f_cat_font_weight\":\"\",\"m6f_cat_font_transform\":\"\",\"m6f_cat_font_spacing\":\"\",\"m6f_cat_\":\"\",\"m6f_meta_font_title\":\"Article meta info\",\"m6f_meta_font_settings\":\"\",\"m6f_meta_font_family\":\"\",\"m6f_meta_font_size\":\"\",\"m6f_meta_font_line_height\":\"\",\"m6f_meta_font_style\":\"\",\"m6f_meta_font_weight\":\"\",\"m6f_meta_font_transform\":\"\",\"m6f_meta_font_spacing\":\"\",\"m6f_meta_\":\"\",\"ajax_pagination\":\"\",\"ajax_pagination_next_prev_swipe\":\"\",\"ajax_pagination_infinite_stop\":\"\",\"css\":\"\",\"tdc_css\":\"\",\"td_column_number\":1,\"header_color\":\"\",\"color_preset\":\"\",\"border_top\":\"\",\"class\":\"tdi_25\",\"tdc_css_class\":\"tdi_25\",\"tdc_css_class_style\":\"tdi_25_rand_style\"}';\nblock_tdi_25.td_column_number = \"1\";\nblock_tdi_25.block_type = \"td_block_2\";\nblock_tdi_25.post_count = \"3\";\nblock_tdi_25.found_posts = \"189\";\nblock_tdi_25.header_color = \"\";\nblock_tdi_25.ajax_pagination_infinite_stop = \"\";\nblock_tdi_25.max_num_pages = \"63\";\ntdBlocksArray.push(block_tdi_25);\n<\/script><div class=\"td-block-title-wrap\"><h4 class=\"block-title td-block-title\"><span class=\"td-pulldown-size\">B\u00c0I VI\u1ebeT M\u1edaI NH\u1ea4T<\/span><\/h4><\/div><div id=tdi_25 class=\"td_block_inner\">\n\n\t<div class=\"td-block-span12\">\n\r\n        <div class=\"td_module_2 td_module_wrap td-animation-stack\">\r\n            <div class=\"td-module-image\">\r\n                <div class=\"td-module-thumb\"><a href=\"https:\/\/cfcvietnam.org\/?p=4717\"  rel=\"bookmark\" class=\"td-image-wrap \" title=\"RECAP: H\u00c0NH TR\u00ccNH KH\u01a0I NGU\u1ed2N C\u1ea2M H\u1ee8NG \u2013 AI \u0110\u1ed2NG H\u00c0NH C\u00d9NG GI\u00c1O D\u1ee4C VI\u1ec6T NAM\" ><img loading=\"lazy\" decoding=\"async\" class=\"entry-thumb\" src=\"data:image\/png;base64,iVBORw0KGgoAAAANSUhEUgAAAUQAAACgAQMAAABOhoelAAAAA1BMVEWurq51dlI4AAAAAXRSTlMmkutdmwAAAB1JREFUWMPtwTEBAAAAwiD7p\/ZdCGAAAAAAAAAQBxpAAAH8le3bAAAAAElFTkSuQmCC\" alt=\"\" title=\"RECAP: H\u00c0NH TR\u00ccNH KH\u01a0I NGU\u1ed2N C\u1ea2M H\u1ee8NG \u2013 AI \u0110\u1ed2NG H\u00c0NH C\u00d9NG GI\u00c1O D\u1ee4C VI\u1ec6T NAM\" data-type=\"image_tag\" data-img-url=\"https:\/\/cfcvietnam.org\/wp-content\/uploads\/2026\/04\/QUAN6769-324x160.jpg\"  width=\"324\" height=\"160\" \/><\/a><\/div>                <a href=\"https:\/\/cfcvietnam.org\/?cat=406\" class=\"td-post-category\" >AI READY ASEAN<\/a>            <\/div>\r\n            <h3 class=\"entry-title td-module-title\"><a href=\"https:\/\/cfcvietnam.org\/?p=4717\"  rel=\"bookmark\" title=\"RECAP: H\u00c0NH TR\u00ccNH KH\u01a0I NGU\u1ed2N C\u1ea2M H\u1ee8NG \u2013 AI \u0110\u1ed2NG H\u00c0NH C\u00d9NG GI\u00c1O D\u1ee4C VI\u1ec6T NAM\">RECAP: H\u00c0NH TR\u00ccNH KH\u01a0I NGU\u1ed2N C\u1ea2M H\u1ee8NG \u2013 AI \u0110\u1ed2NG H\u00c0NH...<\/a><\/h3>\r\n\r\n            <div class=\"td-module-meta-info\">\r\n                <span class=\"td-post-author-name\"><a href=\"https:\/\/cfcvietnam.org\/?author=2\">admin<\/a><\/span>                                <span class=\"td-module-comments\"><a href=\"https:\/\/cfcvietnam.org\/?p=4717#respond\">0<\/a><\/span>            <\/div>\r\n\r\n\r\n            <div class=\"td-excerpt\">\r\n                \nChi\u1ec1u th\u1ee9 Ba ng\u00e0y 14\/04\/2026, trong kh\u00f4ng gian hi\u1ec7n \u0111\u1ea1i v\u00e0 \u0111\u1ea7y n\u0103ng l\u01b0\u1ee3ng t\u1ea1i Tr\u01b0\u1eddng \u0110\u1ea1i h\u1ecdc Gi\u00e1o d\u1ee5c (\u0110HQGHN), H\u1ed9i th\u1ea3o chuy\u00ean...            <\/div>\r\n\r\n            \r\n        <\/div>\r\n\r\n        \n\t<\/div> <!-- .\/td-block-span12 -->\n\n\t<div class=\"td-block-span12\">\n\r\n        <div class=\"td_module_6 td_module_wrap td-animation-stack\">\r\n\r\n        <div class=\"td-module-thumb\"><a href=\"https:\/\/cfcvietnam.org\/?p=4707\"  rel=\"bookmark\" class=\"td-image-wrap \" title=\"Th\u00f4ng tin cu\u1ed9c thi AI Ready ASEAN Youth Challenge\" ><img loading=\"lazy\" decoding=\"async\" class=\"entry-thumb\" src=\"data:image\/png;base64,iVBORw0KGgoAAAANSUhEUgAAAGQAAABGAQMAAAAASKMqAAAAA1BMVEWurq51dlI4AAAAAXRSTlMmkutdmwAAABBJREFUKM9jGAWjYBQMKwAAA9QAAQWBn6cAAAAASUVORK5CYII=\" alt=\"\" title=\"Th\u00f4ng tin cu\u1ed9c thi AI Ready ASEAN Youth Challenge\" data-type=\"image_tag\" data-img-url=\"https:\/\/cfcvietnam.org\/wp-content\/uploads\/2026\/01\/616818337_909484134972672_8932366128448483328_n-100x70.jpg\"  width=\"100\" height=\"70\" \/><\/a><\/div>\r\n        <div class=\"item-details\">\r\n            <h3 class=\"entry-title td-module-title\"><a href=\"https:\/\/cfcvietnam.org\/?p=4707\"  rel=\"bookmark\" title=\"Th\u00f4ng tin cu\u1ed9c thi AI Ready ASEAN Youth Challenge\">Th\u00f4ng tin cu\u1ed9c thi AI Ready ASEAN Youth Challenge<\/a><\/h3>            <div class=\"td-module-meta-info\">\r\n                                                                            <\/div>\r\n        <\/div>\r\n\r\n        <\/div>\r\n\r\n        \n\t<\/div> <!-- .\/td-block-span12 -->\n\n\t<div class=\"td-block-span12\">\n\r\n        <div class=\"td_module_6 td_module_wrap td-animation-stack\">\r\n\r\n        <div class=\"td-module-thumb\"><a href=\"https:\/\/cfcvietnam.org\/?p=4677\"  rel=\"bookmark\" class=\"td-image-wrap \" title=\"T\u1eadp hu\u1ea5n Ki\u1ebfn th\u1ee9c n\u1ec1n t\u1ea3ng AI cho gi\u00e1o vi\u00ean t\u1ec9nh Lai Ch\u00e2u\" ><img loading=\"lazy\" decoding=\"async\" class=\"entry-thumb\" src=\"data:image\/png;base64,iVBORw0KGgoAAAANSUhEUgAAAGQAAABGAQMAAAAASKMqAAAAA1BMVEWurq51dlI4AAAAAXRSTlMmkutdmwAAABBJREFUKM9jGAWjYBQMKwAAA9QAAQWBn6cAAAAASUVORK5CYII=\" alt=\"\" title=\"T\u1eadp hu\u1ea5n Ki\u1ebfn th\u1ee9c n\u1ec1n t\u1ea3ng AI cho gi\u00e1o vi\u00ean t\u1ec9nh Lai Ch\u00e2u\" data-type=\"image_tag\" data-img-url=\"https:\/\/cfcvietnam.org\/wp-content\/uploads\/2025\/12\/z7345448864251_0543f320cd796e89007242d9939a73e4-100x70.jpg\"  width=\"100\" height=\"70\" \/><\/a><\/div>\r\n        <div class=\"item-details\">\r\n            <h3 class=\"entry-title td-module-title\"><a href=\"https:\/\/cfcvietnam.org\/?p=4677\"  rel=\"bookmark\" title=\"T\u1eadp hu\u1ea5n Ki\u1ebfn th\u1ee9c n\u1ec1n t\u1ea3ng AI cho gi\u00e1o vi\u00ean t\u1ec9nh Lai Ch\u00e2u\">T\u1eadp hu\u1ea5n Ki\u1ebfn th\u1ee9c n\u1ec1n t\u1ea3ng AI cho gi\u00e1o vi\u00ean t\u1ec9nh...<\/a><\/h3>            <div class=\"td-module-meta-info\">\r\n                                                                            <\/div>\r\n        <\/div>\r\n\r\n        <\/div>\r\n\r\n        \n\t<\/div> <!-- .\/td-block-span12 --><\/div><\/div> <!-- .\/block --><\/div><\/div><\/div><\/div><\/div>","protected":false},"excerpt":{"rendered":"Th\u00f4ng tin li\u00ean h\u1ec7TRUNG T\u00c2M S\u1ee8C KH\u1eceE GIA \u0110\u00ccNH V\u00c0 PH\u00c1T TRI\u1ec2N C\u1ed8NG \u0110\u1ed2NG C.F.C \u0110\u1ecba ch\u1ec9: T\u00f2a nh\u00e0 791, S\u1ed1 27 Ng\u00f5 59 L\u00e1ng H\u1ea1, Ba \u0110\u00ecnh, H\u00e0 N\u1ed9i Email: info@[getHostname] Tel: (+84)24 35537796 Fax: (+84)24 35537797 Website: www.[getHostname] HOTLINE: 0936.167.898 HOTLINE CSKH - BIA: 0339.642.370 V\u1ec1 ch\u00fang t\u00f4iTrung t\u00e2m S\u1ee9c kh\u1ecfe gia \u0111\u00ecnh [...]","protected":false},"author":1,"featured_media":0,"parent":0,"menu_order":0,"comment_status":"open","ping_status":"closed","template":"page-pagebuilder-title.php","meta":{"tdm_status":"","tdm_grid_status":"","footnotes":""},"class_list":["post-286","page","type-page","status-publish","hentry"],"_links":{"self":[{"href":"https:\/\/cfcvietnam.org\/index.php?rest_route=\/wp\/v2\/pages\/286","targetHints":{"allow":["GET"]}}],"collection":[{"href":"https:\/\/cfcvietnam.org\/index.php?rest_route=\/wp\/v2\/pages"}],"about":[{"href":"https:\/\/cfcvietnam.org\/index.php?rest_route=\/wp\/v2\/types\/page"}],"author":[{"embeddable":true,"href":"https:\/\/cfcvietnam.org\/index.php?rest_route=\/wp\/v2\/users\/1"}],"replies":[{"embeddable":true,"href":"https:\/\/cfcvietnam.org\/index.php?rest_route=%2Fwp%2Fv2%2Fcomments&post=286"}],"version-history":[{"count":8,"href":"https:\/\/cfcvietnam.org\/index.php?rest_route=\/wp\/v2\/pages\/286\/revisions"}],"predecessor-version":[{"id":4406,"href":"https:\/\/cfcvietnam.org\/index.php?rest_route=\/wp\/v2\/pages\/286\/revisions\/4406"}],"wp:attachment":[{"href":"https:\/\/cfcvietnam.org\/index.php?rest_route=%2Fwp%2Fv2%2Fmedia&parent=286"}],"curies":[{"name":"wp","href":"https:\/\/api.w.org\/{rel}","templated":true}]}}